{"id":76,"date":"2014-12-20T19:07:56","date_gmt":"2014-12-20T19:07:56","guid":{"rendered":"http:\/\/imkerhof-reinbek.de\/?page_id=76"},"modified":"2018-05-01T20:10:46","modified_gmt":"2018-05-01T20:10:46","slug":"herausforderungen-fuer-den-imker","status":"publish","type":"page","link":"https:\/\/imkerhof-reinbek.de\/?page_id=76","title":{"rendered":"Herausforderungen f\u00fcr den Imker"},"content":{"rendered":"<p>Die Imkerei ist, sei es als Hobby oder gar als Beruf, eine wundervolle, bereichernde und einmalig wichtige Aufgabe. Diese \u00fcber Jahre hinweg erfolgreich auszu\u00fcben ist allerdings immer schwieriger geworden. Hierzu tragen im wesentlichen folgende Entwicklungen bei:<\/p>\n<p><strong>Industrielle Landwirtschaft:<\/strong> Eine immer weniger die Natur achtende Landwirtschaft sorgt f\u00fcr Artenschwinden mit der Folge immer schlechter Nahrungsquellen f\u00fcr Bienen, aber auch anderer Insekten. Durch den Einsatz unvorstellbarer Mengen an Nervengiften, allen voran die Nicotinoide, werden die Bienen zudem immer weiter gesch\u00e4digt. Die Biene ist in ihrem Bestehen hochgradig abh\u00e4ngig von Kommunikation, Lernen und Orientierung und damit von Aufgaben, die durch die Belastung durch Nervengifte immer schlechter ausgef\u00fchrt\u00a0werden k\u00f6nnen. Erfahrene Imker sehen\u00a0in letzter Zeit immer mehr Belege daf\u00fcr, dass durch die Belastung durch Nervengifte die Bienen in ihrem Brutverhalten so beeinflusst werden, dass die V\u00f6lker so stark vorgesch\u00e4digt werden, dass diese eine zunehmende Belastung durch die Varroa-Milbe immer weniger \u00fcberstehen k\u00f6nnen. Auch nach dem Verbot der drei wichtigsten Neonics droht den Bienen neue Gefahr &#8211; einerseits durch Spritzmittel, andererseits durch durch in den Startl\u00f6chern stehende neue Gifte<\/p>\n<p><strong>Varroa-Milbe:<\/strong> Vor mehr als 30 Jahren nach Deutschland eingeschleppt, ist heute davon auszugehen, dass es in Deutschland kein Bienenvolk mehr gibt, das nicht von der Varroa befallen ist. Der Parasit vermehrt sich in der Brut aufwachsender Bienen und sch\u00e4digt diese in der Entwicklung. F\u00fcr Imker ist es immer schwieriger, die Milbenpopulation regelm\u00e4\u00dfig soweit zu reduzieren, dass diese nicht zu einer Gefahr f\u00fcr die jeweiligen Bienenv\u00f6lker werden. Neben den oben beschriebenen Pestiziden ist die Milbe daher ein wesentlicher Belastungsfaktor f\u00fcr eine nachhaltige Entwicklung der notwendigen vielen, einander abl\u00f6senden Bienengenerationen eines Jahres.<\/p>\n<p>Als kritischer Punkt hierbei k\u00f6nnen die vielf\u00e4ltigen Wechselwirkungen zwischen Pestiziden und Milbenbelastung angesehen werden.<\/p>\n<p><strong>Klimawandel: <\/strong>Gerade auch wir Imker merken seit Jahren einen zunehmen kritischen Einfluss des Klimawandels auf die Entwicklung unserer Bienenv\u00f6lker im Jahresverlauf: Immer nassere Winter ohne l\u00e4ngeren Frost, daf\u00fcr aber mit\u00a0wechselhaften Temperaturen erschweren es den Bienen, zur Ruhe zu kommen und sich zu regenerieren. Die V\u00f6lker br\u00fcten oftmals fast das ganze Jahr durch ohne eine f\u00fcr die Milbenbehandlung erforderliche Brutpause.<\/p>\n<p>Zum anderen leidet die Trachtentwicklung unter den immer massiveren Regenmengen, wenn etwa der in Vollbl\u00fcte stehende Raps nicht beflogen werden kann, weil wochenlang nur einstellige Temperaturen herrschen oder die Lindenbl\u00fcte im Dauerregen verregnet.<\/p>\n<p>Vor allem das Jahr 2017 war f\u00fcr die Bienen katastrophal, weil N\u00e4sse und durch die N\u00e4sse besonders gut zug\u00e4ngliche Melezitose auf den Bl\u00e4ttern die Entwicklung der Jungbienen stark bremste.<\/p>\n<p><strong>Immer weniger Platz f\u00fcr Bienen:\u00a0<\/strong>Man liest es seit einiger Zeit \u00fcberall: Auf vielen, zumeist prominenten D\u00e4chern unserer St\u00e4dte werden jeweils ein paar Bienenv\u00f6lker aufgestellt. Das ist sch\u00f6n, weil es das Interesse auf das Thema Bienen lenkt. Was die Bienen und damit die Imkerei aber mindestens ebenso braucht, sind gesch\u00fctzte Pl\u00e4tze im Umland, dort wo die Best\u00e4ubung gebraucht wird.<\/p>\n<p>Und stellen wir uns nun noch vor, welche Wechselwirkungen zwischen diesen beschriebenen Problemen bestehen, wird deutlich, dass die Imkerei zwar nach wie vor ein faszinierendes Aufgabenfeld ist, das aber unglaublich schwieriger als noch vor Jahren geworden ist.<\/p>\n","protected":false},"excerpt":{"rendered":"<p>Die Imkerei ist, sei es als Hobby oder gar als Beruf, eine wundervolle, bereichernde und einmalig wichtige Aufgabe. Diese \u00fcber Jahre hinweg erfolgreich auszu\u00fcben ist allerdings immer schwieriger geworden. Hierzu tragen im wesentlichen folgende Entwicklungen bei: Industrielle Landwirtschaft: Eine immer weniger die Natur achtende Landwirtschaft sorgt f\u00fcr Artenschwinden mit der Folge immer schlechter Nahrungsquellen f\u00fcr &hellip; <a href=\"https:\/\/imkerhof-reinbek.de\/?page_id=76\" class=\"more-link\"><span class=\"screen-reader-text\">Herausforderungen f\u00fcr den Imker<\/span> weiterlesen <span class=\"meta-nav\">&rarr;<\/span><\/a><\/p>\n","protected":false},"author":1,"featured_media":0,"parent":72,"menu_order":1,"comment_status":"open","ping_status":"open","template":"","meta":{"footnotes":""},"_links":{"self":[{"href":"https:\/\/imkerhof-reinbek.de\/index.php?rest_route=\/wp\/v2\/pages\/76"}],"collection":[{"href":"https:\/\/imkerhof-reinbek.de\/index.php?rest_route=\/wp\/v2\/pages"}],"about":[{"href":"https:\/\/imkerhof-reinbek.de\/index.php?rest_route=\/wp\/v2\/types\/page"}],"author":[{"embeddable":true,"href":"https:\/\/imkerhof-reinbek.de\/index.php?rest_route=\/wp\/v2\/users\/1"}],"replies":[{"embeddable":true,"href":"https:\/\/imkerhof-reinbek.de\/index.php?rest_route=%2Fwp%2Fv2%2Fcomments&post=76"}],"version-history":[{"count":4,"href":"https:\/\/imkerhof-reinbek.de\/index.php?rest_route=\/wp\/v2\/pages\/76\/revisions"}],"predecessor-version":[{"id":545,"href":"https:\/\/imkerhof-reinbek.de\/index.php?rest_route=\/wp\/v2\/pages\/76\/revisions\/545"}],"up":[{"embeddable":true,"href":"https:\/\/imkerhof-reinbek.de\/index.php?rest_route=\/wp\/v2\/pages\/72"}],"wp:attachment":[{"href":"https:\/\/imkerhof-reinbek.de\/index.php?rest_route=%2Fwp%2Fv2%2Fmedia&parent=76"}],"curies":[{"name":"wp","href":"https:\/\/api.w.org\/{rel}","templated":true}]}}