{"id":674,"date":"2023-06-12T21:31:08","date_gmt":"2023-06-12T21:31:08","guid":{"rendered":"http:\/\/imkerhof-reinbek.de\/?page_id=674"},"modified":"2025-08-15T20:09:52","modified_gmt":"2025-08-15T20:09:52","slug":"fruehlingsbluete","status":"publish","type":"page","link":"https:\/\/imkerhof-reinbek.de\/?page_id=674","title":{"rendered":"Fr\u00fchlingsbl\u00fcte NEUE Ernte 2025"},"content":{"rendered":"\n<p>Auch in diesem Jahr hatten wir wieder ein buntes und bl\u00fctenreiches Fr\u00fchjahr. Schon lange, bevor der Raps bl\u00fchte, wussten unsere Bienen kaum, wo sie zuerst hinfliegen sollten. Entsprechend lecker ist die Fr\u00fchjahrsbl\u00fcte geworden, die wir ernten konnten. Aufgrund der Trockenheit gibt es leider nicht so viel Honig wie gehofft.<\/p>\n\n\n\n<p><strong>Preis je 500 Gramm-Glas: 7,50 \u20ac&nbsp;<\/strong><\/p>\n\n\n\n<p><strong>Preis je 150 Gramm-Glas: 4,70 \u20ac&nbsp;<\/strong><\/p>\n","protected":false},"excerpt":{"rendered":"<p>Auch in diesem Jahr hatten wir wieder ein buntes und bl\u00fctenreiches Fr\u00fchjahr. Schon lange, bevor der Raps bl\u00fchte, wussten unsere Bienen kaum, wo sie zuerst hinfliegen sollten. Entsprechend lecker ist die Fr\u00fchjahrsbl\u00fcte geworden, die wir ernten konnten. Aufgrund der Trockenheit gibt es leider nicht so viel Honig wie gehofft. Preis je 500 Gramm-Glas: 7,50 \u20ac&nbsp; &hellip; <a href=\"https:\/\/imkerhof-reinbek.de\/?page_id=674\" class=\"more-link\"><span class=\"screen-reader-text\">Fr\u00fchlingsbl\u00fcte NEUE Ernte 2025<\/span> weiterlesen <span class=\"meta-nav\">&rarr;<\/span><\/a><\/p>\n","protected":false},"author":1,"featured_media":652,"parent":21,"menu_order":1,"comment_status":"closed","ping_status":"closed","template":"","meta":{"footnotes":""},"_links":{"self":[{"href":"https:\/\/imkerhof-reinbek.de\/index.php?rest_route=\/wp\/v2\/pages\/674"}],"collection":[{"href":"https:\/\/imkerhof-reinbek.de\/index.php?rest_route=\/wp\/v2\/pages"}],"about":[{"href":"https:\/\/imkerhof-reinbek.de\/index.php?rest_route=\/wp\/v2\/types\/page"}],"author":[{"embeddable":true,"href":"https:\/\/imkerhof-reinbek.de\/index.php?rest_route=\/wp\/v2\/users\/1"}],"replies":[{"embeddable":true,"href":"https:\/\/imkerhof-reinbek.de\/index.php?rest_route=%2Fwp%2Fv2%2Fcomments&post=674"}],"version-history":[{"count":7,"href":"https:\/\/imkerhof-reinbek.de\/index.php?rest_route=\/wp\/v2\/pages\/674\/revisions"}],"predecessor-version":[{"id":738,"href":"https:\/\/imkerhof-reinbek.de\/index.php?rest_route=\/wp\/v2\/pages\/674\/revisions\/738"}],"up":[{"embeddable":true,"href":"https:\/\/imkerhof-reinbek.de\/index.php?rest_route=\/wp\/v2\/pages\/21"}],"wp:featuredmedia":[{"embeddable":true,"href":"https:\/\/imkerhof-reinbek.de\/index.php?rest_route=\/wp\/v2\/media\/652"}],"wp:attachment":[{"href":"https:\/\/imkerhof-reinbek.de\/index.php?rest_route=%2Fwp%2Fv2%2Fmedia&parent=674"}],"curies":[{"name":"wp","href":"https:\/\/api.w.org\/{rel}","templated":true}]}}