{"id":272,"date":"2015-07-01T21:56:33","date_gmt":"2015-07-01T21:56:33","guid":{"rendered":"http:\/\/imkerhof-reinbek.de\/?page_id=272"},"modified":"2025-08-15T20:13:58","modified_gmt":"2025-08-15T20:13:58","slug":"fruehsommer-mit-wald","status":"publish","type":"page","link":"https:\/\/imkerhof-reinbek.de\/?page_id=272","title":{"rendered":"Waldtracht"},"content":{"rendered":"<p><b><a href=\"http:\/\/imkerhof-reinbek.de\/wp-content\/uploads\/2015\/07\/IMG_1922.jpeg\">\u00a0<\/a><\/b><\/p>\n<p><strong>Waldtracht <span style=\"color: #008000;\">NEUE ERNTE 2025<\/span><\/strong><\/p>\n<p>Auch in diesem Jahr hatten wir das Gl\u00fcck, eine kleine Menge dieses tollen, dunklen, vom Blatthonig gepr\u00e4gten Honig ernten zu k\u00f6nnen. Im Geschmack sehr malzig und aromatisch und sehr weich in der Konsistenz.<\/p>\n<p><b>Preis je 500 Gramm-Glas: 7,70 \u20ac<\/b><\/p>\n<p><b>Preis je 250 Gramm-Glas: 4,80 \u20ac<\/b><\/p>\n","protected":false},"excerpt":{"rendered":"<p>\u00a0 Waldtracht NEUE ERNTE 2025 Auch in diesem Jahr hatten wir das Gl\u00fcck, eine kleine Menge dieses tollen, dunklen, vom Blatthonig gepr\u00e4gten Honig ernten zu k\u00f6nnen. Im Geschmack sehr malzig und aromatisch und sehr weich in der Konsistenz. Preis je 500 Gramm-Glas: 7,70 \u20ac Preis je 250 Gramm-Glas: 4,80 \u20ac<\/p>\n","protected":false},"author":1,"featured_media":663,"parent":21,"menu_order":4,"comment_status":"closed","ping_status":"open","template":"","meta":{"footnotes":""},"_links":{"self":[{"href":"https:\/\/imkerhof-reinbek.de\/index.php?rest_route=\/wp\/v2\/pages\/272"}],"collection":[{"href":"https:\/\/imkerhof-reinbek.de\/index.php?rest_route=\/wp\/v2\/pages"}],"about":[{"href":"https:\/\/imkerhof-reinbek.de\/index.php?rest_route=\/wp\/v2\/types\/page"}],"author":[{"embeddable":true,"href":"https:\/\/imkerhof-reinbek.de\/index.php?rest_route=\/wp\/v2\/users\/1"}],"replies":[{"embeddable":true,"href":"https:\/\/imkerhof-reinbek.de\/index.php?rest_route=%2Fwp%2Fv2%2Fcomments&post=272"}],"version-history":[{"count":23,"href":"https:\/\/imkerhof-reinbek.de\/index.php?rest_route=\/wp\/v2\/pages\/272\/revisions"}],"predecessor-version":[{"id":742,"href":"https:\/\/imkerhof-reinbek.de\/index.php?rest_route=\/wp\/v2\/pages\/272\/revisions\/742"}],"up":[{"embeddable":true,"href":"https:\/\/imkerhof-reinbek.de\/index.php?rest_route=\/wp\/v2\/pages\/21"}],"wp:featuredmedia":[{"embeddable":true,"href":"https:\/\/imkerhof-reinbek.de\/index.php?rest_route=\/wp\/v2\/media\/663"}],"wp:attachment":[{"href":"https:\/\/imkerhof-reinbek.de\/index.php?rest_route=%2Fwp%2Fv2%2Fmedia&parent=272"}],"curies":[{"name":"wp","href":"https:\/\/api.w.org\/{rel}","templated":true}]}}