{"id":267,"date":"2015-06-09T11:25:49","date_gmt":"2015-06-09T11:25:49","guid":{"rendered":"http:\/\/imkerhof-reinbek.de\/?page_id=267"},"modified":"2025-08-15T20:11:00","modified_gmt":"2025-08-15T20:11:00","slug":"reinbeker-gartenhonig","status":"publish","type":"page","link":"https:\/\/imkerhof-reinbek.de\/?page_id=267","title":{"rendered":"Reinbeker Gartenhonig"},"content":{"rendered":"\n<p class=\"has-medium-font-size\"><b>Reinbeker Gartenhonig \u00a0<span style=\"color: #ff0000;\">Neue Ernte 2025<\/span><\/b><\/p>\n\n\n\n<p>Dieser ganz besondere Honig stammt von ausgew\u00e4hlten kleinen Standorten unserer Bienen mitten im Reinbeker Villenviertel zwischen K\u00fcckallee und Bahnsenallee. <\/p>\n\n\n\n<p>In diesem intensiven Fr\u00fchjahr haben die Bienen Nektar der vielf\u00e4ltigen Gartenbl\u00fcten des Fr\u00fchlings sammeln k\u00f6nnen und sich in der tollen Ahornbl\u00fcte der Gegend ausgetobt, die in diesem Jahr besonders intensiv gebl\u00fcht hat. Das schmeckt man!<\/p>\n\n\n\n<p><strong>Preis je 500&nbsp;Gramm-Glas: 7,50 \u20ac<\/strong><\/p>\n\n\n\n<p><b>Preis je 250&nbsp;Gramm-Glas: 4,70 \u20ac<\/b><\/p>\n\n\n\n<p><\/p>\n","protected":false},"excerpt":{"rendered":"<p>Reinbeker Gartenhonig \u00a0Neue Ernte 2025 Dieser ganz besondere Honig stammt von ausgew\u00e4hlten kleinen Standorten unserer Bienen mitten im Reinbeker Villenviertel zwischen K\u00fcckallee und Bahnsenallee. In diesem intensiven Fr\u00fchjahr haben die Bienen Nektar der vielf\u00e4ltigen Gartenbl\u00fcten des Fr\u00fchlings sammeln k\u00f6nnen und sich in der tollen Ahornbl\u00fcte der Gegend ausgetobt, die in diesem Jahr besonders intensiv gebl\u00fcht &hellip; <a href=\"https:\/\/imkerhof-reinbek.de\/?page_id=267\" class=\"more-link\"><span class=\"screen-reader-text\">Reinbeker Gartenhonig<\/span> weiterlesen <span class=\"meta-nav\">&rarr;<\/span><\/a><\/p>\n","protected":false},"author":1,"featured_media":653,"parent":21,"menu_order":2,"comment_status":"closed","ping_status":"open","template":"","meta":{"footnotes":""},"_links":{"self":[{"href":"https:\/\/imkerhof-reinbek.de\/index.php?rest_route=\/wp\/v2\/pages\/267"}],"collection":[{"href":"https:\/\/imkerhof-reinbek.de\/index.php?rest_route=\/wp\/v2\/pages"}],"about":[{"href":"https:\/\/imkerhof-reinbek.de\/index.php?rest_route=\/wp\/v2\/types\/page"}],"author":[{"embeddable":true,"href":"https:\/\/imkerhof-reinbek.de\/index.php?rest_route=\/wp\/v2\/users\/1"}],"replies":[{"embeddable":true,"href":"https:\/\/imkerhof-reinbek.de\/index.php?rest_route=%2Fwp%2Fv2%2Fcomments&post=267"}],"version-history":[{"count":19,"href":"https:\/\/imkerhof-reinbek.de\/index.php?rest_route=\/wp\/v2\/pages\/267\/revisions"}],"predecessor-version":[{"id":740,"href":"https:\/\/imkerhof-reinbek.de\/index.php?rest_route=\/wp\/v2\/pages\/267\/revisions\/740"}],"up":[{"embeddable":true,"href":"https:\/\/imkerhof-reinbek.de\/index.php?rest_route=\/wp\/v2\/pages\/21"}],"wp:featuredmedia":[{"embeddable":true,"href":"https:\/\/imkerhof-reinbek.de\/index.php?rest_route=\/wp\/v2\/media\/653"}],"wp:attachment":[{"href":"https:\/\/imkerhof-reinbek.de\/index.php?rest_route=%2Fwp%2Fv2%2Fmedia&parent=267"}],"curies":[{"name":"wp","href":"https:\/\/api.w.org\/{rel}","templated":true}]}}