{"id":218,"date":"2015-03-18T21:53:47","date_gmt":"2015-03-18T21:53:47","guid":{"rendered":"http:\/\/imkerhof-reinbek.de\/?page_id=218"},"modified":"2025-08-15T20:13:29","modified_gmt":"2025-08-15T20:13:29","slug":"sommerlinde","status":"publish","type":"page","link":"https:\/\/imkerhof-reinbek.de\/?page_id=218","title":{"rendered":"Sommer &#038; Linde"},"content":{"rendered":"<p><b>Sommer &amp; Linde <span style=\"color: #ff0000;\">NEUE Ernte 2025<\/span><\/b><\/p>\n<p>Frisch geerntet in diesem heftigen Sommer &#8211; In diesem Honig findet sich die Vielfalt der Sommerbl\u00fcten aus unseren W\u00e4ldern, Feldern und G\u00e4rten und der charakteristischen Lindenbl\u00fcte unserer Alleen wieder, die unsere Bienen in den wenigen Pausen zwischen Rekordhitze und Starkregen sammeln konnten. D<span style=\"font-size: revert; color: initial;\">er Honig ist echt lecker geworden und in diesem Jahr weniger fest als im vergangenen Jahr, leider ebenfalls ein knappes Gut.<\/span><\/p>\n<p><b>Preis je 500 Gramm-Glas: 7,50 \u20ac<\/b><\/p>\n<p><strong>Preis je 250 Gramm-Glas 4,70 \u20ac<\/strong><\/p>\n","protected":false},"excerpt":{"rendered":"<p>Sommer &amp; Linde NEUE Ernte 2025 Frisch geerntet in diesem heftigen Sommer &#8211; In diesem Honig findet sich die Vielfalt der Sommerbl\u00fcten aus unseren W\u00e4ldern, Feldern und G\u00e4rten und der charakteristischen Lindenbl\u00fcte unserer Alleen wieder, die unsere Bienen in den wenigen Pausen zwischen Rekordhitze und Starkregen sammeln konnten. Der Honig ist echt lecker geworden und &hellip; <a href=\"https:\/\/imkerhof-reinbek.de\/?page_id=218\" class=\"more-link\"><span class=\"screen-reader-text\">Sommer &#038; Linde<\/span> weiterlesen <span class=\"meta-nav\">&rarr;<\/span><\/a><\/p>\n","protected":false},"author":1,"featured_media":662,"parent":21,"menu_order":3,"comment_status":"open","ping_status":"open","template":"","meta":{"footnotes":""},"_links":{"self":[{"href":"https:\/\/imkerhof-reinbek.de\/index.php?rest_route=\/wp\/v2\/pages\/218"}],"collection":[{"href":"https:\/\/imkerhof-reinbek.de\/index.php?rest_route=\/wp\/v2\/pages"}],"about":[{"href":"https:\/\/imkerhof-reinbek.de\/index.php?rest_route=\/wp\/v2\/types\/page"}],"author":[{"embeddable":true,"href":"https:\/\/imkerhof-reinbek.de\/index.php?rest_route=\/wp\/v2\/users\/1"}],"replies":[{"embeddable":true,"href":"https:\/\/imkerhof-reinbek.de\/index.php?rest_route=%2Fwp%2Fv2%2Fcomments&post=218"}],"version-history":[{"count":17,"href":"https:\/\/imkerhof-reinbek.de\/index.php?rest_route=\/wp\/v2\/pages\/218\/revisions"}],"predecessor-version":[{"id":741,"href":"https:\/\/imkerhof-reinbek.de\/index.php?rest_route=\/wp\/v2\/pages\/218\/revisions\/741"}],"up":[{"embeddable":true,"href":"https:\/\/imkerhof-reinbek.de\/index.php?rest_route=\/wp\/v2\/pages\/21"}],"wp:featuredmedia":[{"embeddable":true,"href":"https:\/\/imkerhof-reinbek.de\/index.php?rest_route=\/wp\/v2\/media\/662"}],"wp:attachment":[{"href":"https:\/\/imkerhof-reinbek.de\/index.php?rest_route=%2Fwp%2Fv2%2Fmedia&parent=218"}],"curies":[{"name":"wp","href":"https:\/\/api.w.org\/{rel}","templated":true}]}}