{"id":21,"date":"2014-12-20T12:37:00","date_gmt":"2014-12-20T12:37:00","guid":{"rendered":"http:\/\/imkerhof-reinbek.de\/?page_id=21"},"modified":"2025-08-15T20:25:45","modified_gmt":"2025-08-15T20:25:45","slug":"honig","status":"publish","type":"page","link":"https:\/\/imkerhof-reinbek.de\/?page_id=21","title":{"rendered":"Unser Honig. Von hier."},"content":{"rendered":"<p><a href=\"http:\/\/imkerhof-reinbek.de\/wp-content\/uploads\/2014\/12\/IMG_2081.jpeg\"><br \/><\/a>Unser Honig wird vom Schleudern bis zur Abf\u00fcllung schonend behandelt und kommt in unver\u00e4nderter Zusammensetzung und so naturbelassen in\u00b4s Glas, wie er von unseren Bienen gesammelt wurde.<\/p>\n<p>Sicher kennen Sie das \u201ePr\u00e4dikat\u201c kalt geschleudert. Dies ist jedoch eher ein Marketing-Trick, denn Honig kann grunds\u00e4tzlich nur kalt geschleudert werden, da sonst die Waben schmelzen w\u00fcrden. Entscheidend ist vielmehr, wie der Honig im Anschluss behandelt wird.<\/p>\n<p><!--more-->Auch hier verzichten wir auf ein Erhitzen des Honigs. Um Ihnen dennoch einen streichf\u00e4higen Honig liefern zu k\u00f6nnen, wird der Honig vor dem Abf\u00fcllen einige Tage cremig ger\u00fchrt. Da es sich bei einem guten Honig um ein Naturprodukt handelt, schmeckt dieser in jedem Jahr ein wenig unterschiedlich. Denn die Bienen sammeln je nach Wetter und Entwicklung der Pflanzen verschiedenen Nektar.<\/p>\n<p><b>\u00dcbrigens: <\/b>Wenn wir schreiben \u201eunser Honig\u201c, dann meinen wir das nat\u00fcrlich auch so und verkaufen keinen zugekauften Honig als eigenen. Denn Honig kann man importieren &#8211; Best\u00e4ubung nicht!<\/p>\n<p>Das ist f\u00fcr Sie zugleich einer der leckersten Wege, die Natur vor unserer Haust\u00fcr zu sch\u00fctzen!<\/p>\n<p>Sie erhalten unsere Honige direkt bei uns im Hofverkauf. Bitte kurz vorher anrufen, wie haben keine festen \u00d6ffnungszeiten und sind h\u00e4ufig bei den Bienen unterwegs.<\/p>\n<p>Nat\u00fcrlich finden Sie unseren Honig aber auch im gut sortieren Lebensmitteleinzelhandel in der Region: Wenn Sie Fragen haben, erreichen Sie uns jederzeit unter 0170\/40 28 444.<\/p>\n<p><b>Feinkosthaus Schulz, <\/b>Am Casinopark 1, 21465 Wentorf<\/p>\n<p><b>Edeka\u00a0<\/b><span style=\"font-weight: 600;\">Kratzmann<\/span><b>, <\/b>Sachsenwaldstr. 20, 21465 Reinbek<\/p>\n<p><b>Edeka\u00a0<\/b><span style=\"font-weight: 600;\">Kr\u00f6ger<\/span><b>, <\/b>Am Ladenzentrum 1, 21465 Reinbek<\/p>\n<p><b>Edeka\u00a0<\/b><span style=\"font-weight: 600;\">N\u00f6hring<\/span><b>, <\/b>Fleetplatz 2-4, 21035 Hamburg<\/p>\n<p><b>Onkel Dieter\u00b4s Naturkostladen<\/b>, Am Ladenzentrum 5, 21465 Reinbek<\/p>\n<p><b>famila,\u00a0<\/b>Liebigstr. 2, 21465 Reinbek<\/p>\n<p><b>Adnan Cinar Lebensmittel<\/b>, M\u00fchlenredder 11, 21465 Reinbek<\/p>\n<p><b>REWE<\/b> Hamburger Landstr. 38, 21465 Wentorf<\/p>\n<p><b>REWE<\/b> Bergstr. 1, 21465 Reinbek<\/p>\n<p><b>REWE<\/b> S\u00fcderquerweg. 1, 21037 Hamburg<\/p>\n<p><b>REWE<\/b> Max-Brauer-Allee 58, 22765 Hamburg<\/p>\n<p><b><\/b><b>REWE<\/b> Schiffbeker Weg 230, 22119 Hamburg<\/p>\n<p><b>REWE<\/b> <strong>Westfield Center<\/strong>, \u00dcberseeboulevard 7, 20457 Hamburg<\/p>\n<p><b>REWE<\/b> Barsb\u00fcttel, Am Akku 5, 22885 Barsb\u00fcttel<\/p>\n<p><b>REWE<\/b> Tonndorf, Tonndorfer Hauptstr. 71, 22045 Hamburg<\/p>\n<p><b>REWE<\/b> <strong>AEZ<\/strong>, Heegbarg 31, 22391 Hamburg<\/p>\n<p><b>REWE<\/b> Hoheluft, Hoheluftchaussee 23-25, 20253 Hamburg<\/p>\n<p><b><\/b><b>REWE<\/b> Niendorf, Tibarg 41-43, 22459 Hamburg<\/p>\n<p><b><\/b><b>REWE<\/b> Schiffbeker Weg 230, 22119 Hamburg<\/p>\n<p><b>REWE<\/b> Eimsb\u00fcttel, Eppendorfer Landstr. 77, 20249 Hamburg<\/p>\n<p><b><\/b><b>REWE<\/b> Kieler Str. 573, 22525 Hamburg<\/p>\n<p><b>REWE<\/b> Kieler Str. 101, 22525 Hamburg<\/p>\n<p><b><\/b><b>REWE<\/b> Elbgaustr. 1, 22523 Hamburg<\/p>\n<p><b>REWE<\/b>\u00a0Center,\u00a0Wald\u00f6rfer Str. 146, 22041 Hamburg<\/p>\n<p><b>REWE<\/b>\u00a0Erdkampsweg 31, 22335 Hamburg<\/p>\n<p><b>REWE<\/b>\u00a0Wandsbeker Marktstr. 1, 22041 Hamburg<\/p>\n<p><b>REWE <\/b>Waldd\u00f6rferstr.\u00a0146, 22041 Hamburg<\/p>\n<p><strong>REWE<\/strong> Hamburger Str. 102,\u00a021496 Schwarzenbek<\/p>\n<p><span style=\"color: #000000;\"><b>REWE<\/b>\u00a0Segeberger Chaussee 125, 22851\u00a0Norderstedt<\/span><\/p>\n<p>&nbsp;<\/p>\n\n\n<p><\/p>\n","protected":false},"excerpt":{"rendered":"<p>Unser Honig wird vom Schleudern bis zur Abf\u00fcllung schonend behandelt und kommt in unver\u00e4nderter Zusammensetzung und so naturbelassen in\u00b4s Glas, wie er von unseren Bienen gesammelt wurde. Sicher kennen Sie das \u201ePr\u00e4dikat\u201c kalt geschleudert. Dies ist jedoch eher ein Marketing-Trick, denn Honig kann grunds\u00e4tzlich nur kalt geschleudert werden, da sonst die Waben schmelzen w\u00fcrden. Entscheidend &hellip; <a href=\"https:\/\/imkerhof-reinbek.de\/?page_id=21\" class=\"more-link\"><span class=\"screen-reader-text\">Unser Honig. Von hier.<\/span> weiterlesen <span class=\"meta-nav\">&rarr;<\/span><\/a><\/p>\n","protected":false},"author":1,"featured_media":654,"parent":0,"menu_order":3,"comment_status":"open","ping_status":"open","template":"","meta":{"footnotes":""},"_links":{"self":[{"href":"https:\/\/imkerhof-reinbek.de\/index.php?rest_route=\/wp\/v2\/pages\/21"}],"collection":[{"href":"https:\/\/imkerhof-reinbek.de\/index.php?rest_route=\/wp\/v2\/pages"}],"about":[{"href":"https:\/\/imkerhof-reinbek.de\/index.php?rest_route=\/wp\/v2\/types\/page"}],"author":[{"embeddable":true,"href":"https:\/\/imkerhof-reinbek.de\/index.php?rest_route=\/wp\/v2\/users\/1"}],"replies":[{"embeddable":true,"href":"https:\/\/imkerhof-reinbek.de\/index.php?rest_route=%2Fwp%2Fv2%2Fcomments&post=21"}],"version-history":[{"count":27,"href":"https:\/\/imkerhof-reinbek.de\/index.php?rest_route=\/wp\/v2\/pages\/21\/revisions"}],"predecessor-version":[{"id":744,"href":"https:\/\/imkerhof-reinbek.de\/index.php?rest_route=\/wp\/v2\/pages\/21\/revisions\/744"}],"wp:featuredmedia":[{"embeddable":true,"href":"https:\/\/imkerhof-reinbek.de\/index.php?rest_route=\/wp\/v2\/media\/654"}],"wp:attachment":[{"href":"https:\/\/imkerhof-reinbek.de\/index.php?rest_route=%2Fwp%2Fv2%2Fmedia&parent=21"}],"curies":[{"name":"wp","href":"https:\/\/api.w.org\/{rel}","templated":true}]}}