{"id":19,"date":"2014-12-20T12:36:42","date_gmt":"2014-12-20T12:36:42","guid":{"rendered":"http:\/\/imkerhof-reinbek.de\/?page_id=19"},"modified":"2021-06-21T20:26:52","modified_gmt":"2021-06-21T20:26:52","slug":"projekt-gartenbienen","status":"publish","type":"page","link":"https:\/\/imkerhof-reinbek.de\/?page_id=19","title":{"rendered":"Projekt Gartenbienen"},"content":{"rendered":"\n<p><a href=\"http:\/\/imkerhof-reinbek.de\/wp-content\/uploads\/2014\/12\/20140421_125926.jpg\"><br><\/a>Sie m\u00f6chten gerne Bienen im eigenen Garten haben, haben aber wenig Zeit oder scheuen vor der Verantwortung und dem erforderlichen&nbsp;Fachwissen noch zur\u00fcck? Oder m\u00f6chten, bevor Sie selbst zu Imkern beginnen, erstmal einem erfahrenen Imker \u00fcber die Schulter schauen?<\/p>\n\n\n\n<p>Dann ist unser Projekt &#8222;Gartenbienen&#8220; f\u00fcr Sie vielleicht\u00a0interessant. Die Idee: Sie stellen unseren Bienen einen Standort in ihrem Garten o.\u00e4. zur Verf\u00fcgung und wir stellen dort unsere Bienen auf und betreuen sie regelm\u00e4\u00dfig. Als Dank gibt es Honig aus dem eigenen Garten.<\/p>\n\n\n\n<p>Geeignet sind Standorte, an denen vier oder mehr V\u00f6lker Platz finden. Im Idealfall k\u00f6nnen unsere Bienen das ganze Jahr \u00fcber bei Ihnen zuhause sein&nbsp;oder&nbsp;aber auch nur den Sommer \u00fcber. Selbstverst\u00e4ndlich verf\u00fcgen unsere V\u00f6lker bei ihrem &#8222;Einzug&#8220; \u00fcber ein aktuelles Gesundheitszeugnis und wir melden den Standort vorschriftsgem\u00e4\u00df an.<\/p>\n\n\n\n<p>Bei Interesse sprechen Sie uns gerne an, dann k\u00f6nnen wir alles Weitere wie etwa die genauen Anforderungen an geeignete Standorte f\u00fcr Bienen besprechen oder vor Ort gemeinsam anschauen und Fragen Ihrerseits kl\u00e4ren.<\/p>\n\n\n\n<p>Falls auch Sie gerne beim Projekt Gartenbienen mitmachen m\u00f6chten, kontaktieren Sie uns gerne per Mail, wir suchen laufend Standorte f\u00fcr unsere Bienen oder vermitteln diese an befreundete Imker weiter.<\/p>\n\n\n\n<p><strong>\u00dcbrigens:<\/strong> Vielleicht ist das Projekt auch f\u00fcr Sie als Unternehmen interessant. Indem Sie auf Ihrem Firmengel\u00e4nde Bienen ein Zuhause geben, leisten Sie einen wichtigen Beitrag f\u00fcr den Umweltschutz in Ihrer direkten Umgebung. Dies ist gerade auch f\u00fcr gr\u00f6\u00dfere Unternehmen mit Blick auf EU-Vorgaben zur CSR von Bedeutung. Sprechen Sie uns gerne an, wenn Sie sich f\u00fcr ein eigenes CSR-Projekt mit Bienen interessieren.<\/p>\n","protected":false},"excerpt":{"rendered":"<p>Sie m\u00f6chten gerne Bienen im eigenen Garten haben, haben aber wenig Zeit oder scheuen vor der Verantwortung und dem erforderlichen&nbsp;Fachwissen noch zur\u00fcck? Oder m\u00f6chten, bevor Sie selbst zu Imkern beginnen, erstmal einem erfahrenen Imker \u00fcber die Schulter schauen? Dann ist unser Projekt &#8222;Gartenbienen&#8220; f\u00fcr Sie vielleicht\u00a0interessant. Die Idee: Sie stellen unseren Bienen einen Standort in &hellip; <a href=\"https:\/\/imkerhof-reinbek.de\/?page_id=19\" class=\"more-link\"><span class=\"screen-reader-text\">Projekt Gartenbienen<\/span> weiterlesen <span class=\"meta-nav\">&rarr;<\/span><\/a><\/p>\n","protected":false},"author":1,"featured_media":630,"parent":0,"menu_order":4,"comment_status":"open","ping_status":"open","template":"","meta":{"footnotes":""},"_links":{"self":[{"href":"https:\/\/imkerhof-reinbek.de\/index.php?rest_route=\/wp\/v2\/pages\/19"}],"collection":[{"href":"https:\/\/imkerhof-reinbek.de\/index.php?rest_route=\/wp\/v2\/pages"}],"about":[{"href":"https:\/\/imkerhof-reinbek.de\/index.php?rest_route=\/wp\/v2\/types\/page"}],"author":[{"embeddable":true,"href":"https:\/\/imkerhof-reinbek.de\/index.php?rest_route=\/wp\/v2\/users\/1"}],"replies":[{"embeddable":true,"href":"https:\/\/imkerhof-reinbek.de\/index.php?rest_route=%2Fwp%2Fv2%2Fcomments&post=19"}],"version-history":[{"count":21,"href":"https:\/\/imkerhof-reinbek.de\/index.php?rest_route=\/wp\/v2\/pages\/19\/revisions"}],"predecessor-version":[{"id":641,"href":"https:\/\/imkerhof-reinbek.de\/index.php?rest_route=\/wp\/v2\/pages\/19\/revisions\/641"}],"wp:featuredmedia":[{"embeddable":true,"href":"https:\/\/imkerhof-reinbek.de\/index.php?rest_route=\/wp\/v2\/media\/630"}],"wp:attachment":[{"href":"https:\/\/imkerhof-reinbek.de\/index.php?rest_route=%2Fwp%2Fv2%2Fmedia&parent=19"}],"curies":[{"name":"wp","href":"https:\/\/api.w.org\/{rel}","templated":true}]}}