{"id":74,"date":"2014-12-20T18:41:13","date_gmt":"2014-12-20T18:41:13","guid":{"rendered":"http:\/\/imkerhof-reinbek.de\/?page_id=74"},"modified":"2014-12-20T18:41:13","modified_gmt":"2014-12-20T18:41:13","slug":"bienen-und-umwelt","status":"publish","type":"page","link":"http:\/\/imkerhof-reinbek.de\/?page_id=74","title":{"rendered":"Bienen und Umwelt"},"content":{"rendered":"<p class=\"paragraph_style_3\">Die Honigbiene ist, da sie trotz Jahrtausende alter Nutzung durch den Menschen seit jeher ein Wildtier geblieben ist, enger als kaum ein anderes Nutztier mit der Umwelt verbunden.<\/p>\n<p class=\"paragraph_style_3\">Bienen sind auf einen m\u00f6glichst abwechslungsreich gedeckten Tisch der Natur angewiesen, der in den letzten Jahren in vielen Regionen leider immer weniger Nektar und Pollen f\u00fcr sie bereit h\u00e4lt. Die Natur im Herzogtum Lauenburg allerdings h\u00e4lt zum Gl\u00fcck noch weitgehend vielf\u00e4ltige Nahrungsangebote f\u00fcr die Bienen bereit. Die sich vielerorts ausbreitenden Agrarw\u00fcsten ohne bl\u00fchende Knicks und Wiesen bilden hier noch die Ausnahme.<\/p>\n<p class=\"paragraph_style_3\">Da die Biene als hochsensibles Lebewesen zugleich ein sehr guter Umweltindikator ist, sind Imker in den letzten Jahren immer h\u00e4ufiger von Pestizideins\u00e4tzen aus Landwirtschaft und privaten G\u00e4rten betroffen. Da die Bienen, wenn sie mit Pestiziden in Kontakt gekommen sind, den heimischen Bienenstock meist nicht mehr erreichen oder dort von den W\u00e4chterbienen nicht mehr hereingelassen werden, bleibt der Honig in der Beute zwar vom Gift verschont, aber oftmals sind die Bienenverluste so stark, dass V\u00f6lker nachhaltig gesch\u00e4digt werden.<\/p>\n<p class=\"paragraph_style_3\">Hier k\u00f6nnen wir nur an die Vernunft unserer Mitmenschen und auf die Einhaltung der guten landwirtschaftlichen Praxis der Bauern appellieren. Da etwa 80% unserer Nahrungsmittel direkt oder indirekt von der Pflanzenbest\u00e4ubung durch Bienen abh\u00e4ngig sind, sollte das Wohl der Bienen uns allen am Herzen liegen.<\/p>\n<p class=\"paragraph_style_3\">Denn wie sagte schon Albert Einstein: \u201eStirbt die Biene, stirbt auch der Mensch.<\/p>\n","protected":false},"excerpt":{"rendered":"<p>Die Honigbiene ist, da sie trotz Jahrtausende alter Nutzung durch den Menschen seit jeher ein Wildtier geblieben ist, enger als kaum ein anderes Nutztier mit der Umwelt verbunden. Bienen sind auf einen m\u00f6glichst abwechslungsreich gedeckten Tisch der Natur angewiesen, der in den letzten Jahren in vielen Regionen leider immer weniger Nektar und Pollen f\u00fcr sie &hellip; <a href=\"http:\/\/imkerhof-reinbek.de\/?page_id=74\" class=\"more-link\"><span class=\"screen-reader-text\">Bienen und Umwelt<\/span> weiterlesen <span class=\"meta-nav\">&rarr;<\/span><\/a><\/p>\n","protected":false},"author":1,"featured_media":0,"parent":72,"menu_order":1,"comment_status":"open","ping_status":"open","template":"","meta":{"footnotes":""},"_links":{"self":[{"href":"http:\/\/imkerhof-reinbek.de\/index.php?rest_route=\/wp\/v2\/pages\/74"}],"collection":[{"href":"http:\/\/imkerhof-reinbek.de\/index.php?rest_route=\/wp\/v2\/pages"}],"about":[{"href":"http:\/\/imkerhof-reinbek.de\/index.php?rest_route=\/wp\/v2\/types\/page"}],"author":[{"embeddable":true,"href":"http:\/\/imkerhof-reinbek.de\/index.php?rest_route=\/wp\/v2\/users\/1"}],"replies":[{"embeddable":true,"href":"http:\/\/imkerhof-reinbek.de\/index.php?rest_route=%2Fwp%2Fv2%2Fcomments&post=74"}],"version-history":[{"count":1,"href":"http:\/\/imkerhof-reinbek.de\/index.php?rest_route=\/wp\/v2\/pages\/74\/revisions"}],"predecessor-version":[{"id":75,"href":"http:\/\/imkerhof-reinbek.de\/index.php?rest_route=\/wp\/v2\/pages\/74\/revisions\/75"}],"up":[{"embeddable":true,"href":"http:\/\/imkerhof-reinbek.de\/index.php?rest_route=\/wp\/v2\/pages\/72"}],"wp:attachment":[{"href":"http:\/\/imkerhof-reinbek.de\/index.php?rest_route=%2Fwp%2Fv2%2Fmedia&parent=74"}],"curies":[{"name":"wp","href":"https:\/\/api.w.org\/{rel}","templated":true}]}}